{"id":1251,"date":"2025-09-10T15:54:56","date_gmt":"2025-09-10T15:54:56","guid":{"rendered":"https:\/\/fichajexpert.com\/?page_id=1251"},"modified":"2025-09-10T16:09:27","modified_gmt":"2025-09-10T16:09:27","slug":"agradecimiento","status":"publish","type":"page","link":"https:\/\/fichajexpert.com\/index.php\/agradecimiento\/","title":{"rendered":"Agradecimiento"},"content":{"rendered":"\t\t<div data-elementor-type=\"wp-post\" data-elementor-id=\"1251\" class=\"elementor elementor-1251\">\n\t\t\t\t<div class=\"aux-parallax-section elementor-element elementor-element-33c2bcb e-flex e-con-boxed wpr-particle-no wpr-jarallax-no wpr-parallax-no wpr-sticky-section-no e-con e-parent\" data-id=\"33c2bcb\" data-element_type=\"container\">\n\t\t\t\t\t<div class=\"e-con-inner\">\n\t\t<div class=\"elementor-element elementor-element-c693f9b e-con-full e-flex wpr-particle-no wpr-jarallax-no wpr-parallax-no wpr-sticky-section-no e-con e-child\" data-id=\"c693f9b\" data-element_type=\"container\">\n\t\t\t\t<div class=\"elementor-element elementor-element-b5d3ac6 elementor-view-default elementor-widget elementor-widget-icon\" data-id=\"b5d3ac6\" data-element_type=\"widget\" data-widget_type=\"icon.default\">\n\t\t\t\t<div class=\"elementor-widget-container\">\n\t\t\t\t\t\t\t<div class=\"elementor-icon-wrapper\">\n\t\t\t<div class=\"elementor-icon\">\n\t\t\t<i aria-hidden=\"true\" class=\"far fa-check-circle\"><\/i>\t\t\t<\/div>\n\t\t<\/div>\n\t\t\t\t\t\t<\/div>\n\t\t\t\t<\/div>\n\t\t\t\t<div class=\"elementor-element elementor-element-c4c43b3 aux-appear-watch-animation aux-mask-from-left elementor-widget elementor-widget-aux_modern_heading\" data-id=\"c4c43b3\" data-element_type=\"widget\" data-widget_type=\"aux_modern_heading.default\">\n\t\t\t\t<div class=\"elementor-widget-container\">\n\t\t\t\t\t<section class=\"aux-widget-modern-heading\">\n            <div class=\"aux-widget-inner\"><h2 class=\"aux-modern-heading-primary\"><\/h2><h3 class=\"aux-modern-heading-secondary\"><span class=\"aux-head-before\">Hemos recibido tu mensaje,<\/span><\/h3><\/div>\n        <\/section>\t\t\t\t<\/div>\n\t\t\t\t<\/div>\n\t\t\t\t<div class=\"elementor-element elementor-element-2a03d8e aux-appear-watch-animation aux-mask-from-left elementor-widget elementor-widget-aux_modern_heading\" data-id=\"2a03d8e\" data-element_type=\"widget\" data-widget_type=\"aux_modern_heading.default\">\n\t\t\t\t<div class=\"elementor-widget-container\">\n\t\t\t\t\t<section class=\"aux-widget-modern-heading\">\n            <div class=\"aux-widget-inner\"><h2 class=\"aux-modern-heading-primary\"><\/h2><h3 class=\"aux-modern-heading-secondary\"><span class=\"aux-head-highlight\">le responderemos lo antes posible<\/span><\/h3><\/div>\n        <\/section>\t\t\t\t<\/div>\n\t\t\t\t<\/div>\n\t\t\t\t<div class=\"elementor-element elementor-element-46d4fad aux-appear-watch-animation aux-fade-in-right elementor-widget elementor-widget-aux_button\" data-id=\"46d4fad\" data-element_type=\"widget\" data-widget_type=\"aux_button.default\">\n\t\t\t\t<div class=\"elementor-widget-container\">\n\t\t\t\t\t<a  href=\"https:\/\/fichajexpert.com\/\" target=\"_self\"   class=\"aux-button aux-medium aux-carmine-pink aux-curve aux-none aux-uppercase\" ><span class=\"aux-overlay\"><\/span><span class=\"aux-text\">VOLVER A INICIO<\/span><\/a>\t\t\t\t<\/div>\n\t\t\t\t<\/div>\n\t\t\t\t<\/div>\n\t\t\t\t\t<\/div>\n\t\t\t\t<\/div>\n\t\t\t\t<\/div>\n\t\t","protected":false},"excerpt":{"rendered":"<p>Hemos recibido tu mensaje, le responderemos lo antes posible VOLVER A INICIO<\/p>\n","protected":false},"author":1,"featured_media":0,"parent":0,"menu_order":0,"comment_status":"closed","ping_status":"closed","template":"","meta":{"footnotes":""},"class_list":["post-1251","page","type-page","status-publish","hentry"],"yoast_head":"<!-- This site is optimized with the Yoast SEO plugin v27.5 - https:\/\/yoast.com\/product\/yoast-seo-wordpress\/ -->\n<title>Agradecimiento - FichajeXpert - Control Horario Inteligente<\/title>\n<meta name=\"robots\" content=\"index, follow, max-snippet:-1, max-image-preview:large, max-video-preview:-1\" \/>\n<link rel=\"canonical\" href=\"https:\/\/fichajexpert.com\/index.php\/agradecimiento\/\" \/>\n<meta property=\"og:locale\" content=\"es_ES\" \/>\n<meta property=\"og:type\" content=\"article\" \/>\n<meta property=\"og:title\" content=\"Agradecimiento - FichajeXpert - Control Horario Inteligente\" \/>\n<meta property=\"og:description\" content=\"Hemos recibido tu mensaje, le responderemos lo antes posible VOLVER A INICIO\" \/>\n<meta property=\"og:url\" content=\"https:\/\/fichajexpert.com\/index.php\/agradecimiento\/\" \/>\n<meta property=\"og:site_name\" content=\"FichajeXpert - Control Horario Inteligente\" \/>\n<meta property=\"article:modified_time\" content=\"2025-09-10T16:09:27+00:00\" \/>\n<meta name=\"twitter:card\" content=\"summary_large_image\" \/>\n<script type=\"application\/ld+json\" class=\"yoast-schema-graph\">{\"@context\":\"https:\\\/\\\/schema.org\",\"@graph\":[{\"@type\":\"WebPage\",\"@id\":\"https:\\\/\\\/fichajexpert.com\\\/index.php\\\/agradecimiento\\\/\",\"url\":\"https:\\\/\\\/fichajexpert.com\\\/index.php\\\/agradecimiento\\\/\",\"name\":\"Agradecimiento - FichajeXpert - Control Horario Inteligente\",\"isPartOf\":{\"@id\":\"https:\\\/\\\/fichajexpert.com\\\/#website\"},\"datePublished\":\"2025-09-10T15:54:56+00:00\",\"dateModified\":\"2025-09-10T16:09:27+00:00\",\"breadcrumb\":{\"@id\":\"https:\\\/\\\/fichajexpert.com\\\/index.php\\\/agradecimiento\\\/#breadcrumb\"},\"inLanguage\":\"es\",\"potentialAction\":[{\"@type\":\"ReadAction\",\"target\":[\"https:\\\/\\\/fichajexpert.com\\\/index.php\\\/agradecimiento\\\/\"]}]},{\"@type\":\"BreadcrumbList\",\"@id\":\"https:\\\/\\\/fichajexpert.com\\\/index.php\\\/agradecimiento\\\/#breadcrumb\",\"itemListElement\":[{\"@type\":\"ListItem\",\"position\":1,\"name\":\"Portada\",\"item\":\"https:\\\/\\\/fichajexpert.com\\\/\"},{\"@type\":\"ListItem\",\"position\":2,\"name\":\"Agradecimiento\"}]},{\"@type\":\"WebSite\",\"@id\":\"https:\\\/\\\/fichajexpert.com\\\/#website\",\"url\":\"https:\\\/\\\/fichajexpert.com\\\/\",\"name\":\"FichajeXpert - Control Horario Inteligente\",\"description\":\"FichajeXpert facilita el registro de la jornada laboral, permitiendo fichajes desde dispositivos m\u00f3viles y web. Ofrece geolocalizaci\u00f3n, informes detallados y gesti\u00f3n de turnos, asegurando el cumplimiento normativo y mejorando la eficiencia operativa.\",\"publisher\":{\"@id\":\"https:\\\/\\\/fichajexpert.com\\\/#organization\"},\"potentialAction\":[{\"@type\":\"SearchAction\",\"target\":{\"@type\":\"EntryPoint\",\"urlTemplate\":\"https:\\\/\\\/fichajexpert.com\\\/?s={search_term_string}\"},\"query-input\":{\"@type\":\"PropertyValueSpecification\",\"valueRequired\":true,\"valueName\":\"search_term_string\"}}],\"inLanguage\":\"es\"},{\"@type\":\"Organization\",\"@id\":\"https:\\\/\\\/fichajexpert.com\\\/#organization\",\"name\":\"FichajeXpert - Control Horario Inteligente\",\"url\":\"https:\\\/\\\/fichajexpert.com\\\/\",\"logo\":{\"@type\":\"ImageObject\",\"inLanguage\":\"es\",\"@id\":\"https:\\\/\\\/fichajexpert.com\\\/#\\\/schema\\\/logo\\\/image\\\/\",\"url\":\"https:\\\/\\\/fichajexpert.com\\\/wp-content\\\/uploads\\\/2025\\\/04\\\/cropped-MicrosoftTeams-image-2-2-1.jpg\",\"contentUrl\":\"https:\\\/\\\/fichajexpert.com\\\/wp-content\\\/uploads\\\/2025\\\/04\\\/cropped-MicrosoftTeams-image-2-2-1.jpg\",\"width\":229,\"height\":41,\"caption\":\"FichajeXpert - Control Horario Inteligente\"},\"image\":{\"@id\":\"https:\\\/\\\/fichajexpert.com\\\/#\\\/schema\\\/logo\\\/image\\\/\"}}]}<\/script>\n<!-- \/ Yoast SEO plugin. -->","yoast_head_json":{"title":"Agradecimiento - FichajeXpert - Control Horario Inteligente","robots":{"index":"index","follow":"follow","max-snippet":"max-snippet:-1","max-image-preview":"max-image-preview:large","max-video-preview":"max-video-preview:-1"},"canonical":"https:\/\/fichajexpert.com\/index.php\/agradecimiento\/","og_locale":"es_ES","og_type":"article","og_title":"Agradecimiento - FichajeXpert - Control Horario Inteligente","og_description":"Hemos recibido tu mensaje, le responderemos lo antes posible VOLVER A INICIO","og_url":"https:\/\/fichajexpert.com\/index.php\/agradecimiento\/","og_site_name":"FichajeXpert - Control Horario Inteligente","article_modified_time":"2025-09-10T16:09:27+00:00","twitter_card":"summary_large_image","schema":{"@context":"https:\/\/schema.org","@graph":[{"@type":"WebPage","@id":"https:\/\/fichajexpert.com\/index.php\/agradecimiento\/","url":"https:\/\/fichajexpert.com\/index.php\/agradecimiento\/","name":"Agradecimiento - FichajeXpert - Control Horario Inteligente","isPartOf":{"@id":"https:\/\/fichajexpert.com\/#website"},"datePublished":"2025-09-10T15:54:56+00:00","dateModified":"2025-09-10T16:09:27+00:00","breadcrumb":{"@id":"https:\/\/fichajexpert.com\/index.php\/agradecimiento\/#breadcrumb"},"inLanguage":"es","potentialAction":[{"@type":"ReadAction","target":["https:\/\/fichajexpert.com\/index.php\/agradecimiento\/"]}]},{"@type":"BreadcrumbList","@id":"https:\/\/fichajexpert.com\/index.php\/agradecimiento\/#breadcrumb","itemListElement":[{"@type":"ListItem","position":1,"name":"Portada","item":"https:\/\/fichajexpert.com\/"},{"@type":"ListItem","position":2,"name":"Agradecimiento"}]},{"@type":"WebSite","@id":"https:\/\/fichajexpert.com\/#website","url":"https:\/\/fichajexpert.com\/","name":"FichajeXpert - Control Horario Inteligente","description":"FichajeXpert facilita el registro de la jornada laboral, permitiendo fichajes desde dispositivos m\u00f3viles y web. Ofrece geolocalizaci\u00f3n, informes detallados y gesti\u00f3n de turnos, asegurando el cumplimiento normativo y mejorando la eficiencia operativa.","publisher":{"@id":"https:\/\/fichajexpert.com\/#organization"},"potentialAction":[{"@type":"SearchAction","target":{"@type":"EntryPoint","urlTemplate":"https:\/\/fichajexpert.com\/?s={search_term_string}"},"query-input":{"@type":"PropertyValueSpecification","valueRequired":true,"valueName":"search_term_string"}}],"inLanguage":"es"},{"@type":"Organization","@id":"https:\/\/fichajexpert.com\/#organization","name":"FichajeXpert - Control Horario Inteligente","url":"https:\/\/fichajexpert.com\/","logo":{"@type":"ImageObject","inLanguage":"es","@id":"https:\/\/fichajexpert.com\/#\/schema\/logo\/image\/","url":"https:\/\/fichajexpert.com\/wp-content\/uploads\/2025\/04\/cropped-MicrosoftTeams-image-2-2-1.jpg","contentUrl":"https:\/\/fichajexpert.com\/wp-content\/uploads\/2025\/04\/cropped-MicrosoftTeams-image-2-2-1.jpg","width":229,"height":41,"caption":"FichajeXpert - Control Horario Inteligente"},"image":{"@id":"https:\/\/fichajexpert.com\/#\/schema\/logo\/image\/"}}]}},"_links":{"self":[{"href":"https:\/\/fichajexpert.com\/index.php\/wp-json\/wp\/v2\/pages\/1251","targetHints":{"allow":["GET"]}}],"collection":[{"href":"https:\/\/fichajexpert.com\/index.php\/wp-json\/wp\/v2\/pages"}],"about":[{"href":"https:\/\/fichajexpert.com\/index.php\/wp-json\/wp\/v2\/types\/page"}],"author":[{"embeddable":true,"href":"https:\/\/fichajexpert.com\/index.php\/wp-json\/wp\/v2\/users\/1"}],"replies":[{"embeddable":true,"href":"https:\/\/fichajexpert.com\/index.php\/wp-json\/wp\/v2\/comments?post=1251"}],"version-history":[{"count":10,"href":"https:\/\/fichajexpert.com\/index.php\/wp-json\/wp\/v2\/pages\/1251\/revisions"}],"predecessor-version":[{"id":1262,"href":"https:\/\/fichajexpert.com\/index.php\/wp-json\/wp\/v2\/pages\/1251\/revisions\/1262"}],"wp:attachment":[{"href":"https:\/\/fichajexpert.com\/index.php\/wp-json\/wp\/v2\/media?parent=1251"}],"curies":[{"name":"wp","href":"https:\/\/api.w.org\/{rel}","templated":true}]}}