{"id":1273,"date":"2025-10-09T14:43:53","date_gmt":"2025-10-09T14:43:53","guid":{"rendered":"https:\/\/fichajexpert.com\/index.php\/pago-fallido\/"},"modified":"2025-10-09T14:43:53","modified_gmt":"2025-10-09T14:43:53","slug":"pago-fallido","status":"publish","type":"page","link":"https:\/\/fichajexpert.com\/index.php\/pago-fallido\/","title":{"rendered":"Pago fallido"},"content":{"rendered":"Lo siento, pero tu transacci\u00f3n no se ha procesado. Int\u00e9ntalo de nuevo o ponte en contacto con el soporte del sitio.","protected":false},"excerpt":{"rendered":"<p>Lo siento, pero tu transacci\u00f3n no se ha procesado. Int\u00e9ntalo de nuevo o ponte en contacto con el soporte del sitio.<\/p>\n","protected":false},"author":1,"featured_media":0,"parent":0,"menu_order":0,"comment_status":"closed","ping_status":"closed","template":"","meta":{"footnotes":""},"class_list":["post-1273","page","type-page","status-publish","hentry"],"yoast_head":"<!-- This site is optimized with the Yoast SEO plugin v27.5 - https:\/\/yoast.com\/product\/yoast-seo-wordpress\/ -->\n<title>Pago fallido - FichajeXpert - Control Horario Inteligente<\/title>\n<meta name=\"robots\" content=\"index, follow, max-snippet:-1, max-image-preview:large, max-video-preview:-1\" \/>\n<link rel=\"canonical\" href=\"https:\/\/fichajexpert.com\/index.php\/pago-fallido\/\" \/>\n<meta property=\"og:locale\" content=\"es_ES\" \/>\n<meta property=\"og:type\" content=\"article\" \/>\n<meta property=\"og:title\" content=\"Pago fallido - FichajeXpert - Control Horario Inteligente\" \/>\n<meta property=\"og:description\" content=\"Lo siento, pero tu transacci\u00f3n no se ha procesado. Int\u00e9ntalo de nuevo o ponte en contacto con el soporte del sitio.\" \/>\n<meta property=\"og:url\" content=\"https:\/\/fichajexpert.com\/index.php\/pago-fallido\/\" \/>\n<meta property=\"og:site_name\" content=\"FichajeXpert - Control Horario Inteligente\" \/>\n<meta name=\"twitter:card\" content=\"summary_large_image\" \/>\n<script type=\"application\/ld+json\" class=\"yoast-schema-graph\">{\"@context\":\"https:\\\/\\\/schema.org\",\"@graph\":[{\"@type\":\"WebPage\",\"@id\":\"https:\\\/\\\/fichajexpert.com\\\/index.php\\\/pago-fallido\\\/\",\"url\":\"https:\\\/\\\/fichajexpert.com\\\/index.php\\\/pago-fallido\\\/\",\"name\":\"Pago fallido - FichajeXpert - Control Horario Inteligente\",\"isPartOf\":{\"@id\":\"https:\\\/\\\/fichajexpert.com\\\/#website\"},\"datePublished\":\"2025-10-09T14:43:53+00:00\",\"breadcrumb\":{\"@id\":\"https:\\\/\\\/fichajexpert.com\\\/index.php\\\/pago-fallido\\\/#breadcrumb\"},\"inLanguage\":\"es\",\"potentialAction\":[{\"@type\":\"ReadAction\",\"target\":[\"https:\\\/\\\/fichajexpert.com\\\/index.php\\\/pago-fallido\\\/\"]}]},{\"@type\":\"BreadcrumbList\",\"@id\":\"https:\\\/\\\/fichajexpert.com\\\/index.php\\\/pago-fallido\\\/#breadcrumb\",\"itemListElement\":[{\"@type\":\"ListItem\",\"position\":1,\"name\":\"Portada\",\"item\":\"https:\\\/\\\/fichajexpert.com\\\/\"},{\"@type\":\"ListItem\",\"position\":2,\"name\":\"Pago fallido\"}]},{\"@type\":\"WebSite\",\"@id\":\"https:\\\/\\\/fichajexpert.com\\\/#website\",\"url\":\"https:\\\/\\\/fichajexpert.com\\\/\",\"name\":\"FichajeXpert - Control Horario Inteligente\",\"description\":\"FichajeXpert facilita el registro de la jornada laboral, permitiendo fichajes desde dispositivos m\u00f3viles y web. Ofrece geolocalizaci\u00f3n, informes detallados y gesti\u00f3n de turnos, asegurando el cumplimiento normativo y mejorando la eficiencia operativa.\",\"publisher\":{\"@id\":\"https:\\\/\\\/fichajexpert.com\\\/#organization\"},\"potentialAction\":[{\"@type\":\"SearchAction\",\"target\":{\"@type\":\"EntryPoint\",\"urlTemplate\":\"https:\\\/\\\/fichajexpert.com\\\/?s={search_term_string}\"},\"query-input\":{\"@type\":\"PropertyValueSpecification\",\"valueRequired\":true,\"valueName\":\"search_term_string\"}}],\"inLanguage\":\"es\"},{\"@type\":\"Organization\",\"@id\":\"https:\\\/\\\/fichajexpert.com\\\/#organization\",\"name\":\"FichajeXpert - Control Horario Inteligente\",\"url\":\"https:\\\/\\\/fichajexpert.com\\\/\",\"logo\":{\"@type\":\"ImageObject\",\"inLanguage\":\"es\",\"@id\":\"https:\\\/\\\/fichajexpert.com\\\/#\\\/schema\\\/logo\\\/image\\\/\",\"url\":\"https:\\\/\\\/fichajexpert.com\\\/wp-content\\\/uploads\\\/2025\\\/04\\\/cropped-MicrosoftTeams-image-2-2-1.jpg\",\"contentUrl\":\"https:\\\/\\\/fichajexpert.com\\\/wp-content\\\/uploads\\\/2025\\\/04\\\/cropped-MicrosoftTeams-image-2-2-1.jpg\",\"width\":229,\"height\":41,\"caption\":\"FichajeXpert - Control Horario Inteligente\"},\"image\":{\"@id\":\"https:\\\/\\\/fichajexpert.com\\\/#\\\/schema\\\/logo\\\/image\\\/\"}}]}<\/script>\n<!-- \/ Yoast SEO plugin. -->","yoast_head_json":{"title":"Pago fallido - FichajeXpert - Control Horario Inteligente","robots":{"index":"index","follow":"follow","max-snippet":"max-snippet:-1","max-image-preview":"max-image-preview:large","max-video-preview":"max-video-preview:-1"},"canonical":"https:\/\/fichajexpert.com\/index.php\/pago-fallido\/","og_locale":"es_ES","og_type":"article","og_title":"Pago fallido - FichajeXpert - Control Horario Inteligente","og_description":"Lo siento, pero tu transacci\u00f3n no se ha procesado. Int\u00e9ntalo de nuevo o ponte en contacto con el soporte del sitio.","og_url":"https:\/\/fichajexpert.com\/index.php\/pago-fallido\/","og_site_name":"FichajeXpert - Control Horario Inteligente","twitter_card":"summary_large_image","schema":{"@context":"https:\/\/schema.org","@graph":[{"@type":"WebPage","@id":"https:\/\/fichajexpert.com\/index.php\/pago-fallido\/","url":"https:\/\/fichajexpert.com\/index.php\/pago-fallido\/","name":"Pago fallido - FichajeXpert - Control Horario Inteligente","isPartOf":{"@id":"https:\/\/fichajexpert.com\/#website"},"datePublished":"2025-10-09T14:43:53+00:00","breadcrumb":{"@id":"https:\/\/fichajexpert.com\/index.php\/pago-fallido\/#breadcrumb"},"inLanguage":"es","potentialAction":[{"@type":"ReadAction","target":["https:\/\/fichajexpert.com\/index.php\/pago-fallido\/"]}]},{"@type":"BreadcrumbList","@id":"https:\/\/fichajexpert.com\/index.php\/pago-fallido\/#breadcrumb","itemListElement":[{"@type":"ListItem","position":1,"name":"Portada","item":"https:\/\/fichajexpert.com\/"},{"@type":"ListItem","position":2,"name":"Pago fallido"}]},{"@type":"WebSite","@id":"https:\/\/fichajexpert.com\/#website","url":"https:\/\/fichajexpert.com\/","name":"FichajeXpert - Control Horario Inteligente","description":"FichajeXpert facilita el registro de la jornada laboral, permitiendo fichajes desde dispositivos m\u00f3viles y web. Ofrece geolocalizaci\u00f3n, informes detallados y gesti\u00f3n de turnos, asegurando el cumplimiento normativo y mejorando la eficiencia operativa.","publisher":{"@id":"https:\/\/fichajexpert.com\/#organization"},"potentialAction":[{"@type":"SearchAction","target":{"@type":"EntryPoint","urlTemplate":"https:\/\/fichajexpert.com\/?s={search_term_string}"},"query-input":{"@type":"PropertyValueSpecification","valueRequired":true,"valueName":"search_term_string"}}],"inLanguage":"es"},{"@type":"Organization","@id":"https:\/\/fichajexpert.com\/#organization","name":"FichajeXpert - Control Horario Inteligente","url":"https:\/\/fichajexpert.com\/","logo":{"@type":"ImageObject","inLanguage":"es","@id":"https:\/\/fichajexpert.com\/#\/schema\/logo\/image\/","url":"https:\/\/fichajexpert.com\/wp-content\/uploads\/2025\/04\/cropped-MicrosoftTeams-image-2-2-1.jpg","contentUrl":"https:\/\/fichajexpert.com\/wp-content\/uploads\/2025\/04\/cropped-MicrosoftTeams-image-2-2-1.jpg","width":229,"height":41,"caption":"FichajeXpert - Control Horario Inteligente"},"image":{"@id":"https:\/\/fichajexpert.com\/#\/schema\/logo\/image\/"}}]}},"_links":{"self":[{"href":"https:\/\/fichajexpert.com\/index.php\/wp-json\/wp\/v2\/pages\/1273","targetHints":{"allow":["GET"]}}],"collection":[{"href":"https:\/\/fichajexpert.com\/index.php\/wp-json\/wp\/v2\/pages"}],"about":[{"href":"https:\/\/fichajexpert.com\/index.php\/wp-json\/wp\/v2\/types\/page"}],"author":[{"embeddable":true,"href":"https:\/\/fichajexpert.com\/index.php\/wp-json\/wp\/v2\/users\/1"}],"replies":[{"embeddable":true,"href":"https:\/\/fichajexpert.com\/index.php\/wp-json\/wp\/v2\/comments?post=1273"}],"version-history":[{"count":0,"href":"https:\/\/fichajexpert.com\/index.php\/wp-json\/wp\/v2\/pages\/1273\/revisions"}],"wp:attachment":[{"href":"https:\/\/fichajexpert.com\/index.php\/wp-json\/wp\/v2\/media?parent=1273"}],"curies":[{"name":"wp","href":"https:\/\/api.w.org\/{rel}","templated":true}]}}